{"id":6397,"date":"2019-10-24T00:05:54","date_gmt":"2019-10-23T22:05:54","guid":{"rendered":"http:\/\/www.webresponsivedesign.it\/sportpark\/?page_id=6397"},"modified":"2025-11-24T13:22:25","modified_gmt":"2025-11-24T12:22:25","slug":"bowling","status":"publish","type":"page","link":"https:\/\/www.sportpark.it\/bowling\/","title":{"rendered":"Bowling"},"content":{"rendered":"\t\t<div data-elementor-type=\"wp-post\" data-elementor-id=\"6397\" class=\"elementor elementor-6397\" data-elementor-settings=\"[]\">\n\t\t\t\t\t\t<div class=\"elementor-inner\">\n\t\t\t\t\t\t\t<div class=\"elementor-section-wrap\">\n\t\t\t\t\t\t\t<section class=\"elementor-section elementor-top-section elementor-element elementor-element-32bf3cb elementor-section-full_width elementor-section-content-middle elementor-section-stretched elementor-section-height-default elementor-section-height-default\" data-id=\"32bf3cb\" data-element_type=\"section\" data-settings=\"{&quot;stretch_section&quot;:&quot;section-stretched&quot;}\">\n\t\t\t\t\t\t<div class=\"elementor-container elementor-column-gap-default\">\n\t\t\t\t\t\t\t<div class=\"elementor-row\">\n\t\t\t\t\t<div class=\"elementor-column elementor-col-100 elementor-top-column elementor-element elementor-element-6d36039\" data-id=\"6d36039\" data-element_type=\"column\">\n\t\t\t<div class=\"elementor-column-wrap elementor-element-populated\">\n\t\t\t\t\t\t\t<div class=\"elementor-widget-wrap\">\n\t\t\t\t\t\t<div class=\"elementor-element elementor-element-50a03f9 elementor-arrows-position-inside elementor-widget elementor-widget-image-carousel\" data-id=\"50a03f9\" data-element_type=\"widget\" data-settings=\"{&quot;slides_to_show&quot;:&quot;1&quot;,&quot;navigation&quot;:&quot;arrows&quot;,&quot;autoplay&quot;:&quot;yes&quot;,&quot;pause_on_hover&quot;:&quot;yes&quot;,&quot;pause_on_interaction&quot;:&quot;yes&quot;,&quot;autoplay_speed&quot;:5000,&quot;infinite&quot;:&quot;yes&quot;,&quot;effect&quot;:&quot;slide&quot;,&quot;speed&quot;:500}\" data-widget_type=\"image-carousel.default\">\n\t\t\t\t<div class=\"elementor-widget-container\">\n\t\t\t\t\t<div class=\"elementor-image-carousel-wrapper swiper-container\" dir=\"ltr\">\n\t\t\t<div class=\"elementor-image-carousel swiper-wrapper\">\n\t\t\t\t<div class=\"swiper-slide\"><figure class=\"swiper-slide-inner\"><img class=\"swiper-slide-image\" src=\"https:\/\/www.sportpark.it\/wp-content\/uploads\/2025\/08\/image00004-1400x700.jpeg\" alt=\"image00004\" \/><\/figure><\/div><div class=\"swiper-slide\"><figure class=\"swiper-slide-inner\"><img class=\"swiper-slide-image\" src=\"https:\/\/www.sportpark.it\/wp-content\/uploads\/2025\/08\/bowling-fano-1400x700.jpeg\" alt=\"bowling fano\" \/><\/figure><\/div>\t\t\t<\/div>\n\t\t\t\t\t\t\t\t\t\t\t\t\t\t\t\t<div class=\"elementor-swiper-button elementor-swiper-button-prev\">\n\t\t\t\t\t\t<i class=\"eicon-chevron-left\" aria-hidden=\"true\"><\/i>\n\t\t\t\t\t\t<span class=\"elementor-screen-only\">Precedente<\/span>\n\t\t\t\t\t<\/div>\n\t\t\t\t\t<div class=\"elementor-swiper-button elementor-swiper-button-next\">\n\t\t\t\t\t\t<i class=\"eicon-chevron-right\" aria-hidden=\"true\"><\/i>\n\t\t\t\t\t\t<span class=\"elementor-screen-only\">Successivo<\/span>\n\t\t\t\t\t<\/div>\n\t\t\t\t\t\t\t\t\t<\/div>\n\t\t\t\t<\/div>\n\t\t\t\t<\/div>\n\t\t\t\t<div class=\"elementor-element elementor-element-4d669ae elementor-widget elementor-widget-spacer\" data-id=\"4d669ae\" data-element_type=\"widget\" data-widget_type=\"spacer.default\">\n\t\t\t\t<div class=\"elementor-widget-container\">\n\t\t\t\t\t<div class=\"elementor-spacer\">\n\t\t\t<div class=\"elementor-spacer-inner\"><\/div>\n\t\t<\/div>\n\t\t\t\t<\/div>\n\t\t\t\t<\/div>\n\t\t\t\t<div class=\"elementor-element elementor-element-b4f5d31 elementor-widget elementor-widget-heading\" data-id=\"b4f5d31\" data-element_type=\"widget\" data-widget_type=\"heading.default\">\n\t\t\t\t<div class=\"elementor-widget-container\">\n\t\t\t<h2 class=\"elementor-heading-title elementor-size-default\">Tariffe e abbonamenti<\/h2>\t\t<\/div>\n\t\t\t\t<\/div>\n\t\t\t\t\t\t<\/div>\n\t\t\t\t\t<\/div>\n\t\t<\/div>\n\t\t\t\t\t\t\t\t<\/div>\n\t\t\t\t\t<\/div>\n\t\t<\/section>\n\t\t\t\t<section class=\"elementor-section elementor-top-section elementor-element elementor-element-aa048eb elementor-section-boxed elementor-section-height-default elementor-section-height-default\" data-id=\"aa048eb\" data-element_type=\"section\">\n\t\t\t\t\t\t<div class=\"elementor-container elementor-column-gap-default\">\n\t\t\t\t\t\t\t<div class=\"elementor-row\">\n\t\t\t\t\t<div class=\"elementor-column elementor-col-100 elementor-top-column elementor-element elementor-element-761587d\" data-id=\"761587d\" data-element_type=\"column\">\n\t\t\t<div class=\"elementor-column-wrap elementor-element-populated\">\n\t\t\t\t\t\t\t<div class=\"elementor-widget-wrap\">\n\t\t\t\t\t\t<div class=\"elementor-element elementor-element-32f3977 elementor-widget elementor-widget-text-editor\" data-id=\"32f3977\" data-element_type=\"widget\" data-widget_type=\"text-editor.default\">\n\t\t\t\t<div class=\"elementor-widget-container\">\n\t\t\t        <div class=\"elementor-text-editor elementor-clearfix\"><p>20 piste da bowling in legno, lettura punteggi computerizzata.<br><strong>MACCHINE QUBICAAMF EDGE<\/strong>, macchine di ultima generazione. Bowling<br>Compreso nel prezzo abbiamo l&#8217;affitto di scarpette da bowling + calzini mono uso<br>(i costi sono riferiti al singolo giocatore singola partita)<\/p>\n<p>Luned\u00ec &#8211; Gioved\u00ec: <strong>6\u20ac<\/strong><\/p>\n<p>Venerd\u00ec &#8211; Sabato &#8211; Domenica, festivi e preferisti (Tutto il mese di agosto e tutto il periodo delle festivit\u00e0 natalizie \u00e8 considerato festivo): <strong>8\u20ac<\/strong><\/p>\n<p>Bambini &lt; 12 anni: <strong>6\u20ac<\/strong><\/p>\n<p>Fai anche tu la tessera <b>VIP<\/b>, \u00e8 <b>GRATUITA <\/b>e semplice da utilizzare. Strisciando la tua tessera si aprir\u00e0 la pista gi\u00e0 con il tuo nome ed ogni 20\u20ac di spesa avrai <b>1\u20ac di cashback<\/b> che si accumuler\u00e0 sulla tua tessera&nbsp; per poi fare partite gratis. (Inoltre con la tessera vip pagherai meno anche le partite in sala giochi)<\/p>\n<p>Con la tessera SUPER VIP avrai uno sconto del 50% sulle tue partite bowling dal Luned\u00ec al Gioved\u00ec e ogni 10 partite ne avrai una in omaggio.&nbsp;<\/p>\n<p>L<span style=\"font-size: 1rem;\">a tessera \u00e8 a tempo e pu\u00f2 essere acquistata nelle seguenti modalit\u00e0:<\/span><\/p>\n<p>\u20ac 15 durata tessera 1 mese<br>\u20ac 35 durata tessera 3 mesi<br>\u20ac 60 durata tessera 6 mesi (1 polo in omaggio)<br>\u20ac 90 durata tessera 1 anno (1 tuta in omaggio)<\/p>\n<p>PROMOZIONE<br>Ogni mese puoi partecipare al TORNEO &#8220;<strong>IL PIU&#8217; FORTE DI SPORTPARK<\/strong>&#8220;, competizione sviluppata nell&#8217;arco di ogni mese dedicata ai giocatori amatoriali non professionisti di bowling, una serie di 3 partite al costo di <strong>12\u20ac<\/strong> dal Luned\u00ec al Gioved\u00ec o <strong>16\u20ac<\/strong> dal Venerd\u00ec &#8211; Domenica dopo le 20. La somma delle tre partite dar\u00e0 un totale che andr\u00e0 a formare la classifica, redatta giornalmente ed esposta in bacheca, avrai la possibilit\u00e0 di ripetere quante volte vuoi la tua prova durante lo stesso torneo per cercare di migliorarla, essere &#8220;IL PIU&#8217; FORTE DI SPORTPARK&#8221; e vincere i fantastici premi che verranno assegnati ai primi 10 classificati.<\/p><\/div>\n        \t\t<\/div>\n\t\t\t\t<\/div>\n\t\t\t\t<div class=\"elementor-element elementor-element-0d71c69 elementor-widget elementor-widget-divider\" data-id=\"0d71c69\" data-element_type=\"widget\" data-widget_type=\"divider.default\">\n\t\t\t\t<div class=\"elementor-widget-container\">\n\t\t\t\t\t<div class=\"elementor-divider\">\n\t\t\t<span class=\"elementor-divider-separator\">\n\t\t\t\t\t\t<\/span>\n\t\t<\/div>\n\t\t\t\t<\/div>\n\t\t\t\t<\/div>\n\t\t\t\t\t\t<\/div>\n\t\t\t\t\t<\/div>\n\t\t<\/div>\n\t\t\t\t\t\t\t\t<\/div>\n\t\t\t\t\t<\/div>\n\t\t<\/section>\n\t\t\t\t<section class=\"elementor-section elementor-top-section elementor-element elementor-element-aa39bc0 elementor-section-boxed elementor-section-height-default elementor-section-height-default\" data-id=\"aa39bc0\" data-element_type=\"section\">\n\t\t\t\t\t\t<div class=\"elementor-container elementor-column-gap-default\">\n\t\t\t\t\t\t\t<div class=\"elementor-row\">\n\t\t\t\t\t<div class=\"elementor-column elementor-col-100 elementor-top-column elementor-element elementor-element-437d26d\" data-id=\"437d26d\" data-element_type=\"column\">\n\t\t\t<div class=\"elementor-column-wrap elementor-element-populated\">\n\t\t\t\t\t\t\t<div class=\"elementor-widget-wrap\">\n\t\t\t\t\t\t<div class=\"elementor-element elementor-element-b8130c2 elementor-widget elementor-widget-heading\" data-id=\"b8130c2\" data-element_type=\"widget\" data-widget_type=\"heading.default\">\n\t\t\t\t<div class=\"elementor-widget-container\">\n\t\t\t<h2 class=\"elementor-heading-title elementor-size-default\">Il punteggio<\/h2>\t\t<\/div>\n\t\t\t\t<\/div>\n\t\t\t\t\t\t<\/div>\n\t\t\t\t\t<\/div>\n\t\t<\/div>\n\t\t\t\t\t\t\t\t<\/div>\n\t\t\t\t\t<\/div>\n\t\t<\/section>\n\t\t\t\t<section class=\"elementor-section elementor-top-section elementor-element elementor-element-910b366 elementor-section-boxed elementor-section-height-default elementor-section-height-default\" data-id=\"910b366\" data-element_type=\"section\">\n\t\t\t\t\t\t<div class=\"elementor-container elementor-column-gap-default\">\n\t\t\t\t\t\t\t<div class=\"elementor-row\">\n\t\t\t\t\t<div class=\"elementor-column elementor-col-100 elementor-top-column elementor-element elementor-element-ffa7ee8\" data-id=\"ffa7ee8\" data-element_type=\"column\">\n\t\t\t<div class=\"elementor-column-wrap elementor-element-populated\">\n\t\t\t\t\t\t\t<div class=\"elementor-widget-wrap\">\n\t\t\t\t\t\t<div class=\"elementor-element elementor-element-53c1eee elementor-widget elementor-widget-text-editor\" data-id=\"53c1eee\" data-element_type=\"widget\" data-widget_type=\"text-editor.default\">\n\t\t\t\t<div class=\"elementor-widget-container\">\n\t\t\t        <div class=\"elementor-text-editor elementor-clearfix\"><p><strong>IL PUNTEGGIO<br \/><\/strong><b>STRIKE<\/b> significa abbattere i 10 birilli con un solo colpo. Il simbolo dello Strike \u00e8 &#8220;X&#8221;<br \/><b>SPARE <\/b>significa abbattere i 10 birilli con 2 tiri. Il simbolo della chiusura dello spare \u00e8 &#8220;\/&#8221;<br \/><b>SPLIT<\/b> \u00e8 quando il primo tiro \u00e8 stato un p\u00f2 sfortunato ed ha lasciato dei birilli messi in maniera molto difficile da abbattere e senza il birillo centrale. Il simbolo dello split \u00e8 un cerchietto rosso sul punteggio del tiro, oppure il punteggio scritto in rosso.<br \/><b>TOC<\/b> \u00e8 quando la boccia rimbalza sui birilli e non ha la forza di abbatterli: quando ne casca solo uno nonostante la traiettoria sia giusta.<br \/><b>KILLER SHOT<\/b> \u00e8 quando si abbattono tutti i birilli di uno split<br \/>La PARTITA di bowling consta di 10 FRAME<br \/>Il FRAME significa FRAZIONE DI GIOCO. Quindi un frame \u00e8 composto da 1 solo tiro se viene fatto STRIKE, oppure 2 tiri se viene fatto SPARE oppure se rimangono in piedi i birilli anche dopo 2 tiri.<br \/>Il 10\u00b0 FRAME: nell&#8217;ultimo frame se viene fatto STRIKE si hanno a disposizione ulteriori 2 tiri, mentre se viene chiuso lo SPARE, si ha a disposizione un solo tiro ulteriore.<\/p><p><strong>COME SI SEGNANO I PUNTI<br \/><\/strong>Si sommano i birilli di ogni FRAME<br \/>Quando si fa STRIKE, prima di segnare il punteggio occorre attendere i due tiri successivi e sommarli al punteggio dello Strike<br \/>Quando si fa SPARE, prima di segnare il punteggio occorre attendere il tiro successivo e sommarlo al punteggio dello SPARE<\/p><p>Esempio di punteggio:<\/p><p><br \/><span style=\"font-family: var( --e-global-typography-text-font-family ); font-size: 1rem;\">FRAMES: 1 2 3 4 5 6 7 8 9 10<\/span><\/p><p><span style=\"font-family: var( --e-global-typography-text-font-family ); font-size: 1rem;\">TIRI 2.1 3.\/ X 2.2 2.- X X X 1.\/ X.2.\/<\/span><\/p><p>Punteggio Progressivo 3 23 37 41 43 73 94 114 134 154<\/p><p>Una partita consiste di 10 frazioni dette frame.<br \/>Si possono effettuare 2 tiri per abbattere i 10 birilli.<br \/>Se i 10 birilli vengono abbattuti al primo tiro \u00e8 detto strike e il secondo tiro (di riserva) non viene effettuato. Lo strike vale 10 punti cui viene sommato il valore dei birilli abbattuti con i due tiri successivi.<br \/>Se si utilizzano tutti e due i tiri della frazione per abbattere i 10 birilli,\u00e8 detta spare. Il valore dello spare \u00e8 di 10 punti cui viene sommato il valore dei birilli abbattuti con il primo tiro successivo.<br \/>Il fine del gioco \u00e8 totalizzare il maggior numero di punti. Il valore massimo che si pu\u00f2 raggiungere \u00e8 300 punti (12 strike consecutivi nella stessa partita).<br \/>Alla fine della zona di lancio e all`inizio della pista di gioco \u00e8 posizionata una linea di fallo che non deve essere superata pena l`annullamento del tiro. Il fallo \u00e8 segnalato da un apposito congegno elettronico.<\/p><p><strong>PRIMA DI INIZIARE A GIOCARE<br \/><\/strong>Per giocare a bowling bisogna essere sufficientemente concentrati, e fare un p\u00f2 di esercizi di stretching per allungare e distendere i muscoli. Come in tutti gli sport, per una buona base sportiva bisogna non fumare e non mangiare durante l&#8217;attivit\u00e0 atletica. Bisogna avere un comportamento rispettoso della concentrazione altrui e quindi non fare schiamazzi e rumori molesti. La prima regola del gioco del bowling \u00e8 quella di dare la precedenza a destra e non entrare mai in pista quando i giocatori accanto a te stanno effettuando i tiri o concentrandosi per tirare.<\/p><p><strong>MATERIALI ED ATTREZZATURE PER GIOCARE<br \/><\/strong>Per giocare a bowling serve la seguente dotazione sportiva: BOCCIA DA BOWLING.<br \/>La palla regolamentare \u00e8 costruita con materiale non metallico e deve rispettare le specifiche relative a peso, dimensioni e bilanciamento. Deve avere una circonferenza che non superi i 27 pollici e il suo peso non deve essere superiore alle 16 libbre. Ogni palla deve avere un diametro costante: la sua superficie non deve presentare depressioni o solchi regolari, a eccezione dei fori utilizzati per impugnarla, delle lettere e i numeri di identificazione e delle ammaccature accidentali dovute all`usura. I fori o gli incavi presenti per impugnare la palla non possono essere superiori a cinque. Per ragioni di bilanciamento ogni foro non dovr\u00e0 avere un diametro superiore a 1 1\/4 di pollice. Le specifiche pi\u00f9 importanti per l`omologazione di una palla sono: -diametro con misura massima di 8,595 pollici -sfericit\u00e0 con tolleranza massima di 0,010 pollici -durezza misurata con durometro scala &#8220;D&#8221;, minimo 72 &#8211; raggio giroscopico massimo 2,800 pollici -differenziale massimo del raggio giroscopico 0,080 pollici -coefficiente d`attrito 0,390 pollici -coefficiente di restituzione d`inerzia 0,780 pollici -sbilanciamento massima tolleranza permessa tra la met\u00e0 superiore della palla (il centro dell`impugnatura) e la met\u00e0 opposta \u00e8 di 74 gr. -sbilanciamento massimo tra le parti a destra e a sinistra dell`impugnatura e tra le parti superiori e inferiori \u00e8 di 28 gr -non sono consentiti dispositivi mobili all`interno della palla -\u00e8 vietato l`uso di sostanze chimiche per alterare la durezza della superficie della palla. Vista l`alta tecnologia delle palle da bowling e il loro alto coefficiente d`attrito, per preservare la superficie di gioco della pista e per permettere un gioco pi\u00f9 omogeneo, le piste vengono condizionate con oli per aumentare la scivolosit\u00e0 della palla. La boccia pu\u00f2 essere di Plastica, Uretanica, di materiale Reattivo e Materiale Pro-Attivo. Le bocce in Plastica sono adatte a principianti e servono ad imparare la precisione nel tiro in quanto sono formate da materiali che non hanno nessuna reazione sulla pista e come si dice comunemente: &#8220;vanno dritte sui birilli&#8221;. Le bocce Uretaniche hanno una modesta reazione alla pista, che \u00e8 facilmente controllabile e prevedibile e quindi sono il primo passo per coloro che vogliono acquistare la Prima Boccia. Le bocce Reattive, reagiscono alla pista e quindi fanno un gancio sul finale che produce un impatto di maggior potenza sui birilli. Ci sono molti tipi di bocce reattive, e ci sono bocce reattive pi\u00f9 o meno potenti a seconda delle esigenze e della tecnica di gioco del bowler. Infine c&#8217;\u00e8 l&#8217;ultima generazione di bocce: Le pro-attive. Questo tipo di boccia \u00e8 adatta a Piste sintetiche ed a giocatori molto esperti e capaci di capire le reazioni e l&#8217;impatto sui birilli. Le pro attive stanno sempre pi\u00f9 prendendo campo perch\u00e9 riescono a mantenere la potenza del tiro dalla fase iniziale di lancio fino all&#8217;impatto sui birilli.<\/p><p><strong>LE SCARPE<br \/><\/strong>Per giocare a bowling occorrono delle scarpe particolari che scivolino sul legno dell&#8217;approach della pista. Per proteggere la superficie della pista nella zona di lancio \u00e8 obbligo, anche per una migliore performance, l`uso di scarpe speciali. Queste hanno una suola in pelle di bufalo e un`allacciatura lunga per tenere ben saldo il piede nella scarpa.<br \/>Tutta l&#8217;attrezzatura, \u00e8 disponibile presso le reception dei Centri Bowling. Per apprendere il gioco del bowling, \u00e8 opportuno seguire i consigli dei giocatori pi\u00f9 esperti e casomai prendere qualche lezione privata da istruttori qualificati.<\/p><p><strong>LE\u00a0REGOLE\u00a0DEL\u00a0GIOCO<br \/><\/strong>1\u00b0 Regola: CONCENTRAZIONE.<br \/>Il gioco del bowling necessita di estrema concentrazione e quindi, per quanto possibile, bisogna estraniarsi dai rumori, e seguire solo la traiettoria della propria boccia e l&#8217;impatto che ha sui birilli.<br \/>2\u00b0 Regola: CORTESIA E SPORTIVITA&#8217;<br \/>Pur rimandendo concentrati sul proprio gioco, bisogna anche dimostrarsi sensibili al gioco del collega, ed usare le regole di cortesia del posto, ad esempio battere il cinque, sfiorarsi il pugno chiuso ecc.<br \/>3\u00b0 Regola: EDUCAZIONE<br \/>Se non si riesce ad abbattere i birilli, non esibirsi in inutili comizi. Questo non aiuta la tua concentrazione e certamente disturba chi ti sta accanto.<br \/>4\u00b0 Regola: OGNI TIRO HA UNA STORIA A SE STANTE.<br \/>Non bisogna mai ripensare al tiro precedente, ma concentrarsi ad abbattere i birilli sul tiro che state facendo.<br \/>5\u00b0 Regola: GUARDARE IL PROPRIO TIRO fino a che la boccia non raggiunde i birilli. Questo serve a vedere la reazione e l&#8217;impatto che il tiro ha avuto. Cosa utilissima per vedere dove tirare al tiro successivo.<br \/>6\u00b0 Regola: OSSERVATE E MEMORIZZATE la posizione di partenza e di arrivo per ogni pista sulla quale giocate.<br \/>7\u00b0 Regola: NON CERCATE IL GANCIO A TUTTI I COSTI.<br \/>Attualmente negli USA si gioca sulla 3\u00b0 freccia, il che vuol dire GANCIO STRETTO ma potente.<br \/>8\u00b0 Regola: OGNI PISTA \u00c8 DIVERSA DALL&#8217;ALTRA.<br \/>Non esistono piste gemelle in quanto sono fatte di materiale VIVO (il legno)e quindi, si muovono sono pi\u00f9 o meno veloci ecc. Le piste in sintetico sono pi\u00f9 costanti, ma possono comunque essere discontinue per difetti nella struttura dell&#8217;immobile, difetti di montaggio ecc&#8230;<br \/>9\u00b0 Regola: OLIATURA.<br \/>Spesso viene data la colpa di un cattivo gioco al povero tecnico delle piste che non \u00e8 riuscito a dare l&#8217;olio. Ci sono giocatori che vogliono l&#8217;oliatura delle piste molto lunga, giocatori che sono abituati a giocare con olio corto, chi ama le piste secche, chi vuole le piste con oliatura a corona, chi con oliatura fin sotto i birilli, e chi con olio sui bordi. Partendo dal concetto che quindi il tecnico delle piste sbaglia sembre PER QUALCUNO, cerchiamo di adattarci alle piste e fare buon viso a cattiva sorte. A mali estremi ricordiamoci che esiste sempre il tiro DIRITTO in diagonale.<br \/>10\u00b0 Regola: GIOCARE ED ALLENARSI.<br \/>Se si vuol praticare il bowling come disciplina sportiva bisogna allenarsi. Se invece vogliamo solo divertirci, giochiamo pi\u00f9 spesso che ci divertiremo di pi\u00f9!<\/p><p><strong>LA\u00a0PISTA\u00a0DA\u00a0BOWLING<br \/><\/strong>Una pista da bowling si divide principalmente in tre parti. La zona di lancio (o approache) che deve essere lunga almeno 4.20 metri La pista vera e propria dove corre la palla, lunga 18 metri La &#8220;pin deck&#8221; (o piano dei birilli), ovvero la zona dove sono posizionati i birilli, che deve essere di 91 centimetri La pista da bowling completa \u00e8 costruita in legno listellare. I listelli devono essere di 1&#215;3.5 pollici e sono incastrati l`uno nell`altro e inchiodati con chiodi speciali. Cos\u00ec facendo, lo spessore di una pista \u00e8 di circa 8 centimetri, mentre la superficie di gioco \u00e8 larga 107 cm. La zona di lancio e la pista di gioco sono divise da una linea di fallo in materiale fibroso e incassata nel legno. In corrispondenza di queste linee \u00e8 previsto un dispositivo elettronico che rileva il fallo quando il piede lo tocca. Dalla linea di fallo inizia la superficie di gioco e su di essa in corrispondenza di punti particolari sono incassati dei marchi o contrassegni (le frecce) che servono come punti di riferimento per il lancio della palla. La pista viene costruita con due diversi tipi di legno. Nella zona di lancio e dove la palla atterra viene utilizzato un legno molto duro e nello stesso tempo elastico. E` denominato &#8220;Maple&#8221;, ed \u00e8 una qualit\u00e0 di acero canadese di colore quasi bianco. Dove scorre la palla si utilizza un legno molto pi\u00f9 morbido, che si chiama &#8220;Pich-pine&#8221;, che proviene dalla Florida. La pista deve essere rispondente alle normative vigenti in materia e omologata dalla Federazione, deve avere una superficie di gioco perfettamente liscia, senza incavi o nodi, e con una planarit\u00e0 quasi perfetta, nonostante la grandezza, la cui massima tolleranza \u00e8 di 40 millesimi di pollice circa 7\/10 di millimetro). Ai lati della pista sono previsti dei canali dove la palla cade quando esce dalla superficie di gioco. Tutta la pista \u00e8 sollevata di circa 42 centimetri ed \u00e8 posata su un telaio di legno, attraverso il quale si permette il ritorno della palla al di sotto del piano di gioco.<\/p><p><strong>I\u00a0BIRILLI<br \/><\/strong>Il fine del gioco \u00e8 abbattere il maggior numero di birilli, pertanto il birillo \u00e8 la parte pi\u00f9 importante del gioco. Tutti i birilli utilizzati nei centri bowling di tutto il mondo devono essere approvati dalla Federazione statunitense dell`A.B.C. in base a precisi standard di misura, peso, elasticit\u00e0, di coefficiente di distribuzione e di stabilit\u00e0. Per essere approvati devono essere fatti di buon legno di acero stagionato. Il birillo deve essere costruito con un solo pezzo di legno, oppure con pi\u00f9 pezzi posti parallelamente all`asse verticale del birillo stesso; il su peso deve essere tra i 1531 e i 1641 grammi. Per il bilanciamento \u00e8 previsto un centro di gravit\u00e0 al di sopra della base non superiore a 5 pollici e 60\/64 e non inferiore ai 5 pollici e 40\/64. Il grado di umidit\u00e0 non deve essere inferiore al 6% n\u00e9 superiore al 12%. Nei birilli costruiti con pi\u00f9 pezzi la tolleranza di umidit\u00e0 non pu\u00f2 variare oltre il 2%. Ogni birillo deve essere alto 15 pollici, con una tolleranza di 2\/64 di pollice; la base deve essere di materiale plastico o in fibra con un diametro non inferiore a 2 pollici e con un arrotondamento del bordo esterno il cui raggio deve essere 5\/32 di pollice. La superficie dei birilli \u00e8 normalmente ricoperta da un rivestimento di plastica bianca e deve avere i contrassegni posti sul collo con simbolo e nome di identificazione. Questi simboli non dovranno avere uno spessore superiore a 4 millesimi di pollice.<\/p><\/div>\n        \t\t<\/div>\n\t\t\t\t<\/div>\n\t\t\t\t\t\t<\/div>\n\t\t\t\t\t<\/div>\n\t\t<\/div>\n\t\t\t\t\t\t\t\t<\/div>\n\t\t\t\t\t<\/div>\n\t\t<\/section>\n\t\t\t\t\t\t<\/div>\n\t\t\t\t\t\t<\/div>\n\t\t\t\t\t<\/div>\n\t\t","protected":false},"excerpt":{"rendered":"<p>Precedente Successivo Tariffe e abbonamenti 20 piste da bowling in legno, lettura punteggi computerizzata.MACCHINE QUBICAAMF EDGE, macchine di ultima generazione. BowlingCompreso nel prezzo abbiamo l&#8217;affitto di scarpette da bowling + calzini mono uso(i costi sono riferiti al singolo giocatore singola partita) Luned\u00ec &#8211; Gioved\u00ec: 6\u20ac Venerd\u00ec &#8211; Sabato &#8211; Domenica, festivi e preferisti (Tutto il &hellip; <\/p>\n<p class=\"link-more\"><a href=\"https:\/\/www.sportpark.it\/bowling\/\" class=\"more-link\">Read More <span class=\"screen-reader-text\"> &#8220;Bowling&#8221;<\/span><\/a><\/p>\n","protected":false},"author":1,"featured_media":0,"parent":0,"menu_order":0,"comment_status":"closed","ping_status":"closed","template":"","meta":{"_mi_skip_tracking":false},"aioseo_notices":[],"_links":{"self":[{"href":"https:\/\/www.sportpark.it\/wp-json\/wp\/v2\/pages\/6397"}],"collection":[{"href":"https:\/\/www.sportpark.it\/wp-json\/wp\/v2\/pages"}],"about":[{"href":"https:\/\/www.sportpark.it\/wp-json\/wp\/v2\/types\/page"}],"author":[{"embeddable":true,"href":"https:\/\/www.sportpark.it\/wp-json\/wp\/v2\/users\/1"}],"replies":[{"embeddable":true,"href":"https:\/\/www.sportpark.it\/wp-json\/wp\/v2\/comments?post=6397"}],"version-history":[{"count":26,"href":"https:\/\/www.sportpark.it\/wp-json\/wp\/v2\/pages\/6397\/revisions"}],"predecessor-version":[{"id":7577,"href":"https:\/\/www.sportpark.it\/wp-json\/wp\/v2\/pages\/6397\/revisions\/7577"}],"wp:attachment":[{"href":"https:\/\/www.sportpark.it\/wp-json\/wp\/v2\/media?parent=6397"}],"curies":[{"name":"wp","href":"https:\/\/api.w.org\/{rel}","templated":true}]}}